{"id":103,"date":"2014-02-10T21:19:29","date_gmt":"2014-02-10T19:19:29","guid":{"rendered":"http:\/\/sjwp.sj-fahrzeugaufbereitung.de\/?page_id=103"},"modified":"2017-09-09T23:25:00","modified_gmt":"2017-09-09T21:25:00","slug":"startseite","status":"publish","type":"page","link":"http:\/\/www.sj-fahrzeugaufbereitung.de\/","title":{"rendered":"Startseite"},"content":{"rendered":"<div class=\"wpb_row vc_row-fluid\">\n\t<div class=\"vc_span12 wpb_column column_container\">\n\t\t<div class=\"wpb_wrapper\">\n\t\t\t<div class=\"wpb_row vc_row-fluid\">\n\t<div class=\"vc_span12 wpb_column column_container\">\n\t\t<div class=\"wpb_wrapper\">\n\t\t\t<div class=\"wpb_separator wpb_content_element\"><\/div>\n\n\t<div class=\"wpb_text_column wpb_content_element  wpb_animate_when_almost_visible wpb_right-to-left\">\n\t\t<div class=\"wpb_wrapper\">\n\t\t\t<p><strong>Herzlich Willkommen<\/strong><\/p>\n\n\t\t<\/div> \n\t<\/div> \n\t\t<\/div> \n\t<\/div> \n<\/div>\n\t<div class=\"wpb_text_column wpb_content_element  wpb_animate_when_almost_visible wpb_right-to-left\">\n\t\t<div class=\"wpb_wrapper\">\n\t\t\t<p>Es freut mich Sie auf unserer Webseite begr\u00fc\u00dfen zu d\u00fcrfen.<br \/>\nWir bieten Ihnen eine professionelle Fahrzeugpflege und -aufbereitung mit \u00fcber 10-j\u00e4hriger Erfahrung.<\/p>\n<p>Geben Sie Ihrem Auto die Pflege, die es braucht. Mit einer professionellen Aufbereitung erhalten Sie den Wert Ihres Fahrzeugs und steigern ihn sogar.<br \/>\nInsbesondere bei Leasing-Fahrzeugen ist dies sehr von Nutzen.<br \/>\nEbenso beim Verkauf eines Gebrauchtwagens.<\/p>\n<p>Unser gesamtes Leistungsspektrum k\u00f6nnen Sie und \u201cUnsere Leistungen\u201d einsehen.<\/p>\n<p>F\u00fcr weitere Fragen und Anfragen aller Art stehe ich Ihnen gerne pers\u00f6nlich zu Verf\u00fcgung.<\/p>\n<p>Ihr Sinan Sabani<\/p>\n\n\t\t<\/div> \n\t<\/div> \n\t\t<\/div> \n\t<\/div> \n<\/div><div class=\"wpb_row vc_row-fluid\">\n\t<div class=\"vc_span12 wpb_column column_container\">\n\t\t<div class=\"wpb_wrapper\">\n\t\t\t<div class=\"wpb_separator wpb_content_element\"><\/div>\n<div class=\"fb_like wpb_content_element fb_type_button_count\"><iframe src=\"http:\/\/www.facebook.com\/plugins\/like.php?href=http:\/\/www.sj-fahrzeugaufbereitung.de\/&amp;layout=button_count&amp;show_faces=false&amp;action=like&amp;colorscheme=light\" scrolling=\"no\" frameborder=\"0\" allowTransparency=\"true\"><\/iframe><\/div>\n\n\t\t<\/div> \n\t<\/div> \n<\/div>\n","protected":false},"excerpt":{"rendered":"Herzlich Willkommen Es freut mich Sie auf unserer Webseite begr\u00fc\u00dfen zu d\u00fcrfen. Wir bieten Ihnen eine professionelle Fahrzeugpflege und -aufbereitung mit \u00fcber 10-j\u00e4hriger Erfahrung. Geben Sie Ihrem Auto die Pflege, die es braucht. Mit einer professionellen Aufbereitung erhalten Sie den &hellip; <a href=\"http:\/\/www.sj-fahrzeugaufbereitung.de\/\">Continue reading <span class=\"meta-nav\">&rarr;<\/span><\/a>","protected":false},"author":1,"featured_media":0,"parent":0,"menu_order":0,"comment_status":"closed","ping_status":"closed","template":"","meta":[],"_links":{"self":[{"href":"http:\/\/www.sj-fahrzeugaufbereitung.de\/index.php?rest_route=\/wp\/v2\/pages\/103"}],"collection":[{"href":"http:\/\/www.sj-fahrzeugaufbereitung.de\/index.php?rest_route=\/wp\/v2\/pages"}],"about":[{"href":"http:\/\/www.sj-fahrzeugaufbereitung.de\/index.php?rest_route=\/wp\/v2\/types\/page"}],"author":[{"embeddable":true,"href":"http:\/\/www.sj-fahrzeugaufbereitung.de\/index.php?rest_route=\/wp\/v2\/users\/1"}],"replies":[{"embeddable":true,"href":"http:\/\/www.sj-fahrzeugaufbereitung.de\/index.php?rest_route=%2Fwp%2Fv2%2Fcomments&post=103"}],"version-history":[{"count":8,"href":"http:\/\/www.sj-fahrzeugaufbereitung.de\/index.php?rest_route=\/wp\/v2\/pages\/103\/revisions"}],"predecessor-version":[{"id":255,"href":"http:\/\/www.sj-fahrzeugaufbereitung.de\/index.php?rest_route=\/wp\/v2\/pages\/103\/revisions\/255"}],"wp:attachment":[{"href":"http:\/\/www.sj-fahrzeugaufbereitung.de\/index.php?rest_route=%2Fwp%2Fv2%2Fmedia&parent=103"}],"curies":[{"name":"wp","href":"https:\/\/api.w.org\/{rel}","templated":true}]}}